{"id":564,"date":"2020-09-30T10:19:19","date_gmt":"2020-09-30T10:19:19","guid":{"rendered":"https:\/\/www.zunzum.pt\/?page_id=564"},"modified":"2020-10-13T13:21:58","modified_gmt":"2020-10-13T13:21:58","slug":"termos-condicoes","status":"publish","type":"page","link":"https:\/\/www.zunzum.pt\/pt\/termos-condicoes\/","title":{"rendered":"Termos &#038; Condi\u00e7\u00f5es"},"content":{"rendered":"\n<div class=\"row row-collapse row-full-width\"  id=\"row-451392439\">\n\n\n\t<div id=\"col-1995181049\" class=\"col medium-4 small-12 large-4\"  >\n\t\t\t\t<div class=\"col-inner\"  >\n\t\t\t\n\t\t\t\n\n\n\t\t<\/div>\n\t\t\t\t\t<\/div>\n\n\t\n\n\t<div id=\"col-599225722\" class=\"col medium-7 small-12 large-7\"  >\n\t\t\t\t<div class=\"col-inner\"  >\n\t\t\t\n\t\t\t\n\n\n\t<section class=\"section\" id=\"section_579687238\">\n\t\t<div class=\"section-bg fill\" >\n\t\t\t\t\t\t\t\t\t\n\t\t\t\n\n\t\t<\/div>\n\n\t\t\n\n\t\t<div class=\"section-content relative\">\n\t\t\t\n\n<span class=\"scroll-to\" data-label=\"Scroll to: #more\" data-bullet=\"false\" data-link=\"#more\" data-title=\"more\" ><a name=\"more\"><\/a><\/span>\n\n<h1 class=\"uppercase\"><span style=\"font-size: 100%;\" data-line-height=\"s\"><strong>TERMOS &amp; CONDI\u00c7\u00d5ES<\/strong><\/span><\/h1>\n<p>O utilizador do site Zunzum (\u00e0 frente designada como Empresa) poder\u00e1 inscrever-se no site da empresa, fornecendo algumas informa\u00e7\u00f5es.<\/p>\n<h4>Registo de Ficheiros e formul\u00e1rios<\/h4>\n<p>Nos termos e para efeitos do disposto na Lei n.\u00ba 67\/98, de 26 de Outubro, relativa \u00e0 Protec\u00e7\u00e3o de Dados Pessoais, designadamente o artigo 10.\u00ba, declaro tomar conhecimento que os dados de car\u00e1cter pessoal recolhidos no presente formul\u00e1rio, se destinam a ser utilizados em processos de selec\u00e7\u00e3o e recrutamento, presentes e futuros, da Marlene Vieira, sendo respons\u00e1vel pelo seu tratamento a sociedade portuguesa denominada por Marlene Vieira, LDA, com sede na Av. Almirante Reis, n\u00ba 248 \u2013 5\u00ba Esq, 1000-057 Lisboa. Atrav\u00e9s do presente formul\u00e1rio tomo conhecimento e presto o meu consentimento expresso que os dados pessoais ora recolhidos, por for\u00e7a da finalidade suprarreferida, se destinam a serem introduzidos e tratados, de forma autom\u00e1tica ou n\u00e3o: Nos ficheiros de \u201cArquivo de curr\u00edculo e selec\u00e7\u00e3o de pessoal pela Marlene Vieira\u201d. Nos termos da informa\u00e7\u00e3o supra prestada, declaro consentir o tratamento de dados de car\u00e1cter pessoal \u00e0 empresa, a quem expressamente autorizo que ceda os respectivos dados aos destinat\u00e1rios supracitados, limitando o dito consentimento ao cumprimento dos fins ora indicados. O consentimento ora prestado \u00e9 extens\u00edvel a outras empresas do grupo Marlene Vieira.<\/p>\n<h4>Exactid\u00e3o e fiabilidade das informa\u00e7\u00f5es prestadas<\/h4>\n<p>O Utilizador garante que os dados pessoais fornecidos \u00e0 Empresa s\u00e3o verdadeiros e precisos, ficando este respons\u00e1vel por comunicar \u00e0 Empresa qualquer altera\u00e7\u00e3o nos mesmos.<br>As medidas de seguran\u00e7a relativas aos dados ora fornecidos s\u00e3o as definidas no artigo 14\u00ba e 15.\u00ba da Lei n.\u00ba 67\/98, pelo que os usu\u00e1rios podem exercer os direitos de acesso e rectifica\u00e7\u00e3o, cancelamento e oposi\u00e7\u00e3o dos dados agora fornecidos.<\/p>\n<h4>Finalidade<\/h4>\n<p>A recolha e o tratamento automatizado de dados pessoais, tem como finalidade manter uma poss\u00edvel rela\u00e7\u00e3o profissional com a empresa Marlene Vieira.<\/p>\n<h4>Exerc\u00edcio dos direitos de acesso, rectifica\u00e7\u00e3o, cancelamento e oposi\u00e7\u00e3o<\/h4>\n<p>Poder\u00e1 exercer os seus direitos de acesso, rectifica\u00e7\u00e3o, cancelamento e\/ou oposi\u00e7\u00e3o atrav\u00e9s de comunica\u00e7\u00e3o escrita, acompanhado de documento que comprove a sua identidade e \/ou os dados a rectificar, se aplic\u00e1vel, a enviar para:<\/p>\n<ol>\n<li>Endere\u00e7o de correio electr\u00f3nico hello@marlenevieira.pt<\/li>\n<li>Marlene Vieira, LDA, com sede na Av. Almirante Reis, n\u00ba 248 \u2013 5\u00ba Esq, 1000-057 Lisboa.<\/li>\n<li>Atrav\u00e9s do website da Empresa.<\/li>\n<\/ol>\n<h4>Medidas de seguran\u00e7a<\/h4>\n<p>A Empresa adoptou as normas e medidas de seguran\u00e7a para a protec\u00e7\u00e3o de dados pessoais, instalando nos seus sistemas e ficheiros todas as medidas t\u00e9cnicas necess\u00e1rias para garantir a confidencialidade dos dados, evitar a sua perda, altera\u00e7\u00e3o e acesso.<br>No entanto, o utilizador deve estar ciente de que medidas de seguran\u00e7a na Internet n\u00e3o s\u00e3o infal\u00edveis.<br>O utilizador compromete-se a utilizar o seu nome de utilizador e a sua password de forma diligente e a mant\u00ea-los secretos. O utilizador assume a responsabilidade exclusiva pela manuten\u00e7\u00e3o da confidencialidade do seu nome de utilizador e da sua password, assumindo pessoalmente quaisquer actividades que se realizem ou que ocorram atrav\u00e9s da utiliza\u00e7\u00e3o dos mesmos.<br>O utilizador pode cancelar e desactivar o seu registo em qualquer momento utilizando o seu nome de utilizador e a sua password.<\/p>\n<h4>Aceita\u00e7\u00e3o e aprova\u00e7\u00e3o<\/h4>\n<p>O utilizador declara ter sido informado das condi\u00e7\u00f5es de protec\u00e7\u00e3o de dados, aceitar e consentir o seu tratamento automatizado pela Empresa, na forma e para os fins descritos na presente Pol\u00edtica de Protec\u00e7\u00e3o de Dados Pessoais.<\/p>\n<p>Em cumprimento da lei n\u00ba 144\/2015 de 8 de Setembro informamos que para a resolu\u00e7\u00e3o de conflitos de consumo deve ser contactada a comiss\u00e3o arbitral do Turismo de Portugal ou a qualquer uma das entidades devidamente indicadas na lista disponibilizada pela Dire\u00e7\u00e3o Geral do Consumidor.<\/p>\n\t\t<\/div>\n\n\t\t\n<style>\n#section_579687238 {\n  padding-top: 30px;\n  padding-bottom: 30px;\n}\n<\/style>\n\t<\/section>\n\t\n\n\t\t<\/div>\n\t\t\t\t\t<\/div>\n\n\t\n\n<\/div>\n","protected":false},"excerpt":{"rendered":"","protected":false},"author":1,"featured_media":0,"parent":0,"menu_order":0,"comment_status":"closed","ping_status":"closed","template":"page-blank.php","meta":{"footnotes":""},"class_list":["post-564","page","type-page","status-publish","hentry"],"aioseo_notices":[],"_links":{"self":[{"href":"https:\/\/www.zunzum.pt\/pt\/wp-json\/wp\/v2\/pages\/564","targetHints":{"allow":["GET"]}}],"collection":[{"href":"https:\/\/www.zunzum.pt\/pt\/wp-json\/wp\/v2\/pages"}],"about":[{"href":"https:\/\/www.zunzum.pt\/pt\/wp-json\/wp\/v2\/types\/page"}],"author":[{"embeddable":true,"href":"https:\/\/www.zunzum.pt\/pt\/wp-json\/wp\/v2\/users\/1"}],"replies":[{"embeddable":true,"href":"https:\/\/www.zunzum.pt\/pt\/wp-json\/wp\/v2\/comments?post=564"}],"version-history":[{"count":6,"href":"https:\/\/www.zunzum.pt\/pt\/wp-json\/wp\/v2\/pages\/564\/revisions"}],"predecessor-version":[{"id":1616,"href":"https:\/\/www.zunzum.pt\/pt\/wp-json\/wp\/v2\/pages\/564\/revisions\/1616"}],"wp:attachment":[{"href":"https:\/\/www.zunzum.pt\/pt\/wp-json\/wp\/v2\/media?parent=564"}],"curies":[{"name":"wp","href":"https:\/\/api.w.org\/{rel}","templated":true}]}}