{"id":826,"date":"2020-10-08T06:37:15","date_gmt":"2020-10-08T06:37:15","guid":{"rendered":"https:\/\/www.zunzum.pt\/?page_id=826"},"modified":"2025-01-18T17:26:38","modified_gmt":"2025-01-18T17:26:38","slug":"vouchers","status":"publish","type":"page","link":"https:\/\/www.zunzum.pt\/pt\/vouchers\/","title":{"rendered":"Vouchers"},"content":{"rendered":"\n<div class=\"row row-collapse row-full-width\"  id=\"row-2052915747\">\n\n\n\t<div id=\"col-758118255\" class=\"col medium-6 small-12 large-6\"  >\n\t\t\t\t<div class=\"col-inner\"  >\n\t\t\t\n\t\t\t\n\n\n  <div class=\"banner has-hover is-full-height\" id=\"banner-866104791\">\n          <div class=\"banner-inner fill\">\n        <div class=\"banner-bg fill\" >\n            <img loading=\"lazy\" decoding=\"async\" width=\"1600\" height=\"900\" src=\"https:\/\/www.zunzum.pt\/wp-content\/uploads\/2020\/09\/padrao-fundo.png\" class=\"bg attachment-original size-original\" alt=\"\" \/>                        <div class=\"overlay\"><\/div>            \n                    <\/div>\n\t\t\n        <div class=\"banner-layers container\">\n            <div class=\"fill banner-link\"><\/div>            \n\n   <div id=\"text-box-499061462\" class=\"text-box banner-layer text-box-circle show-for-small x50 md-x50 lg-x50 y75 md-y75 lg-y75 res-text\">\n                     <div data-animate=\"bounceInDown\">           <div class=\"text-box-content text dark\">\n              \n              <div class=\"text-inner text-center\">\n                  \n\n\t<div class=\"img has-hover x md-x lg-x y md-y lg-y\" id=\"image_14230171\">\n\t\t<a class=\"\" href=\"\/#more\" >\t\t\t\t\t\t<div class=\"img-inner dark\" >\n\t\t\t<img loading=\"lazy\" decoding=\"async\" width=\"512\" height=\"512\" src=\"https:\/\/www.zunzum.pt\/wp-content\/uploads\/2020\/10\/down-arrow.png\" class=\"attachment-large size-large\" alt=\"\" srcset=\"https:\/\/www.zunzum.pt\/wp-content\/uploads\/2020\/10\/down-arrow.png 512w, https:\/\/www.zunzum.pt\/wp-content\/uploads\/2020\/10\/down-arrow-300x300.png 300w, https:\/\/www.zunzum.pt\/wp-content\/uploads\/2020\/10\/down-arrow-150x150.png 150w\" sizes=\"auto, (max-width: 512px) 100vw, 512px\" \/>\t\t\t\t\t\t\n\t\t\t\t\t<\/div>\n\t\t\t\t\t\t<\/a>\t\t\n<style>\n#image_14230171 {\n  width: 100%;\n}\n<\/style>\n\t<\/div>\n\t\n\n\n              <\/div>\n           <\/div>\n       <\/div>                     \n<style>\n#text-box-499061462 .text-box-content {\n  background-color: rgba(255, 255, 255, 0);\n  border-radius: 500px;\n  font-size: 100%;\n}\n#text-box-499061462 {\n  width: 10%;\n}\n<\/style>\n    <\/div>\n \n\n        <\/div>\n      <\/div>\n\n            \n<style>\n#banner-866104791 {\n  padding-top: 100%;\n}\n#banner-866104791 .overlay {\n  background-color: rgba(0, 0, 0, 0.1);\n}\n#banner-866104791 .banner-bg img {\n  object-position: 5% 99%;\n}\n<\/style>\n  <\/div>\n\n\n\n\t\t<\/div>\n\t\t\t\t\t<\/div>\n\n\t\n\n\t<div id=\"col-705766649\" class=\"col medium-6 small-12 large-6\"  >\n\t\t\t\t<div class=\"col-inner\"  >\n\t\t\t\n\t\t\t\n\n\n\t<section class=\"section\" id=\"section_1509224938\">\n\t\t<div class=\"section-bg fill\" >\n\t\t\t\t\t\t\t\t\t\n\t\t\t\n\n\t\t<\/div>\n\n\t\t\n\n\t\t<div class=\"section-content relative\">\n\t\t\t\n\n<span class=\"scroll-to\" data-label=\"Scroll to: #more\" data-bullet=\"false\" data-link=\"#more\" data-title=\"more\" ><a name=\"more\"><\/a><\/span>\n\n<div class=\"row\" style=\"max-width:600px\" id=\"row-514523873\">\n\n\n\t<div id=\"col-247048259\" class=\"col small-12 large-12\"  >\n\t\t\t\t<div class=\"col-inner\"  >\n\t\t\t\n\t\t\t\n\n<p class=\"uppercase\" data-line-height=\"s\">A MELHOR PRENDA<\/p>\n<h1 class=\"uppercase\"><span style=\"font-size: 100%;\" data-line-height=\"s\"><strong>VOUCHERS<\/strong><\/span><\/h1>\n<p><span style=\"font-size: 100%;\"><b style=\"font-size: 100%;\">O ZUNZUM \u00e9 uma experi\u00eancia que deve ser partilhada! Cri\u00e1mos para si, esta excepcional oferta para partilhar com quem mais gosta em qualquer <\/b><b>ocasi\u00e3o<\/b><b style=\"font-size: 100%;\">.\u00a0<\/b><\/span><\/p>\n<p><span style=\"font-size: 100%;\">O voucher varia de acordo com o valor escolhido e t\u00eam validade de seis meses ap\u00f3s a sua emiss\u00e3o, sendo a reserva obrigat\u00f3ria e sujeita a disponibilidade. <\/span><span style=\"font-size: 100%;\">Consulte os <span style=\"color: #bc1f32;\"><a style=\"color: #bc1f32;\" href=\"https:\/\/www.zunzum.pt\/wp-content\/uploads\/2020\/10\/Termos-e-Condicoes-Voucher-Zunzum.pdf\">Termos e Condi\u00e7\u00f5es<\/a> <\/span>desta oferta.<\/span><\/p>\n<div class=\"is-divider divider clearfix\" style=\"max-width:120px;height:2px;\"><\/div>\n\n\t<div id=\"gap-239877231\" class=\"gap-element clearfix\" style=\"display:block; height:auto;\">\n\t\t\n<style>\n#gap-239877231 {\n  padding-top: 30px;\n}\n<\/style>\n\t<\/div>\n\t\n\n\t<div class=\"img has-hover x md-x lg-x y md-y lg-y\" id=\"image_1273997308\">\n\t\t\t\t\t\t\t\t<div class=\"img-inner dark\" >\n\t\t\t<img loading=\"lazy\" decoding=\"async\" width=\"300\" height=\"295\" src=\"https:\/\/www.zunzum.pt\/wp-content\/uploads\/2020\/10\/IMG_3971-scaled-e1637681761708-300x295.jpg\" class=\"attachment-medium size-medium\" alt=\"Voucher Zunzum\" srcset=\"https:\/\/www.zunzum.pt\/wp-content\/uploads\/2020\/10\/IMG_3971-scaled-e1637681761708-300x295.jpg 300w, https:\/\/www.zunzum.pt\/wp-content\/uploads\/2020\/10\/IMG_3971-scaled-e1637681761708-1024x1006.jpg 1024w, https:\/\/www.zunzum.pt\/wp-content\/uploads\/2020\/10\/IMG_3971-scaled-e1637681761708-768x754.jpg 768w, https:\/\/www.zunzum.pt\/wp-content\/uploads\/2020\/10\/IMG_3971-scaled-e1637681761708-12x12.jpg 12w, https:\/\/www.zunzum.pt\/wp-content\/uploads\/2020\/10\/IMG_3971-scaled-e1637681761708.jpg 1286w\" sizes=\"auto, (max-width: 300px) 100vw, 300px\" \/>\t\t\t\t\t\t\n\t\t\t\t\t<\/div>\n\t\t\t\t\t\t\t\t\n<style>\n#image_1273997308 {\n  width: 70%;\n}\n<\/style>\n\t<\/div>\n\t\n\n\t<div class=\"img has-hover hidden x md-x lg-x y md-y lg-y\" id=\"image_955012006\">\n\t\t\t\t\t\t\t\t<div class=\"img-inner dark\" >\n\t\t\t<img loading=\"lazy\" decoding=\"async\" width=\"1020\" height=\"574\" src=\"https:\/\/www.zunzum.pt\/wp-content\/uploads\/2020\/09\/banner-zunzum-1024x576.png\" class=\"attachment-large size-large\" alt=\"\" srcset=\"https:\/\/www.zunzum.pt\/wp-content\/uploads\/2020\/09\/banner-zunzum-1024x576.png 1024w, https:\/\/www.zunzum.pt\/wp-content\/uploads\/2020\/09\/banner-zunzum-300x169.png 300w, https:\/\/www.zunzum.pt\/wp-content\/uploads\/2020\/09\/banner-zunzum-768x432.png 768w, https:\/\/www.zunzum.pt\/wp-content\/uploads\/2020\/09\/banner-zunzum-1536x864.png 1536w, https:\/\/www.zunzum.pt\/wp-content\/uploads\/2020\/09\/banner-zunzum.png 1600w\" sizes=\"auto, (max-width: 1020px) 100vw, 1020px\" \/>\t\t\t\t\t\t\n\t\t\t\t\t<\/div>\n\t\t\t\t\t\t\t\t\n<style>\n#image_955012006 {\n  width: 75%;\n}\n<\/style>\n\t<\/div>\n\t\n\n<a href=\"https:\/\/module.lafourchette.com\/pt_PT\/module\/654915-7d5ef#\/4149699\/dhp\" target=\"_blank\" class=\"button primary is-outline hidden\" rel=\"noopener\"  >\n\t\t<span>CTA<\/span>\n\t<\/a>\n\n\n\n\t\t<\/div>\n\t\t\t\t\t<\/div>\n\n\t\n\n\n<style>\n#row-514523873 > .col > .col-inner {\n  padding: 0px 0px 0px 0;\n}\n@media (min-width:550px) {\n  #row-514523873 > .col > .col-inner {\n    padding: 60px 60px 0px 60px;\n  }\n}\n<\/style>\n<\/div>\n\n\t\t<\/div>\n\n\t\t\n<style>\n#section_1509224938 {\n  padding-top: 30px;\n  padding-bottom: 30px;\n}\n<\/style>\n\t<\/section>\n\t\n\n\t\t<\/div>\n\t\t\t\t\t<\/div>\n\n\t\n\n<\/div>\n\n","protected":false},"excerpt":{"rendered":"","protected":false},"author":1,"featured_media":0,"parent":0,"menu_order":0,"comment_status":"closed","ping_status":"closed","template":"page-blank.php","meta":{"footnotes":""},"class_list":["post-826","page","type-page","status-publish","hentry"],"aioseo_notices":[],"_links":{"self":[{"href":"https:\/\/www.zunzum.pt\/pt\/wp-json\/wp\/v2\/pages\/826","targetHints":{"allow":["GET"]}}],"collection":[{"href":"https:\/\/www.zunzum.pt\/pt\/wp-json\/wp\/v2\/pages"}],"about":[{"href":"https:\/\/www.zunzum.pt\/pt\/wp-json\/wp\/v2\/types\/page"}],"author":[{"embeddable":true,"href":"https:\/\/www.zunzum.pt\/pt\/wp-json\/wp\/v2\/users\/1"}],"replies":[{"embeddable":true,"href":"https:\/\/www.zunzum.pt\/pt\/wp-json\/wp\/v2\/comments?post=826"}],"version-history":[{"count":25,"href":"https:\/\/www.zunzum.pt\/pt\/wp-json\/wp\/v2\/pages\/826\/revisions"}],"predecessor-version":[{"id":2406,"href":"https:\/\/www.zunzum.pt\/pt\/wp-json\/wp\/v2\/pages\/826\/revisions\/2406"}],"wp:attachment":[{"href":"https:\/\/www.zunzum.pt\/pt\/wp-json\/wp\/v2\/media?parent=826"}],"curies":[{"name":"wp","href":"https:\/\/api.w.org\/{rel}","templated":true}]}}